{"id":427,"date":"2017-10-01T20:11:02","date_gmt":"2017-10-01T18:11:02","guid":{"rendered":"http:\/\/la-colonie.org\/public\/?page_id=427"},"modified":"2017-10-01T22:50:28","modified_gmt":"2017-10-01T20:50:28","slug":"les-idees-de-fourier","status":"publish","type":"page","link":"https:\/\/la-colonie.org\/public\/histoire\/fourierisme\/les-idees-de-fourier\/","title":{"rendered":"Les id\u00e9es de Fourier"},"content":{"rendered":"<p>R\u00e9volt\u00e9s par la mis\u00e8re ouvri\u00e8re, choqu\u00e9s par l\u2019illogisme des crises \u00e9conomiques, un certain nombre de r\u00e9formateurs anglais et surtout fran\u00e7ais imaginent une transformation sociale \u00e0 laquelle ils d\u00e9sirent parvenir, \u00e0 l\u2019exception de Blanqui, pacifiquement. Saint-Simon pr\u00f4ne l\u2019organisation de la production. Owen, ouvrier devenu patron, veut former des associations de producteurs sous forme de coop\u00e9ratives de production. Fourier r\u00eave d\u2019un \u00c9tat soci\u00e9taire id\u00e9al, o\u00f9 hommes et femmes seraient regroup\u00e9s au sein de petites communaut\u00e9s agricoles, les phalanst\u00e8res.<\/p>\n<div class=\"texte\">\n<p class=\"spip\">\u00ab&nbsp;Le travail soci\u00e9taire, pour exercer une si forte attraction sur le peuple, devra diff\u00e9rer en tout point des formes rebutantes qui nous le rendent si odieux dans l\u2019\u00e9tat actuel. Il faudra que l\u2019industrie soci\u00e9taire, pour devenir attrayante, remplisse les sept conditions suivantes&nbsp;:<\/p>\n<ol class=\"spip\">\n<li class=\"spip\">que chaque travailleur soit associ\u00e9, r\u00e9tribu\u00e9 par dividende et non pas salari\u00e9&nbsp;;<\/li>\n<li class=\"spip\">que chacun, homme, femme ou enfant, soit r\u00e9tribu\u00e9 en proportion des trois facult\u00e9s, capital, travail et talent&nbsp;;<\/li>\n<li class=\"spip\">que les s\u00e9ances industrielles soient vari\u00e9es environ huit fois par jour, l\u2019enthousiasme ne pouvant se soutenir plus d\u2019une heure et demie ou deux heures dans l\u2019exercice d\u2019une fonction agricole ou manufacturi\u00e8re&nbsp;;<\/li>\n<li class=\"spip\">qu\u2019elles soient exerc\u00e9es avec des compagnies d\u2019amis spontan\u00e9ment r\u00e9unis, intrigu\u00e9s et stimul\u00e9s par des rivalit\u00e9s tr\u00e8s actives&nbsp;;<\/li>\n<li class=\"spip\">que les ateliers et cultures pr\u00e9sentent \u00e0 l\u2019ouvrier les app\u00e2ts de l\u2019\u00e9l\u00e9gance et de la propret\u00e9&nbsp;;<\/li>\n<li class=\"spip\">que la division du travail soit port\u00e9e au supr\u00eame degr\u00e9, afin d\u2019affecter chaque sexe et chaque \u00e2ge aux fonctions qui lui sont convenables&nbsp;;<\/li>\n<li class=\"spip\">que dans cette distribution chacun, homme, femme ou enfant, jouisse pleinement du droit au travail ou du droit d\u2019intervenir dans tous les temps \u00e0 telle branche de travail qu\u2019il lui conviendra de choisir, sauf \u00e0 justifier de probit\u00e9 et d\u2019aptitude.<\/li>\n<\/ol>\n<p class=\"spip\">Fourier,&nbsp;<em class=\"spip\">L\u2019Harmonie universelle et le Phalanst\u00e8re<\/em>, 1849&nbsp;\u00bb<\/p>\n<\/div>\n","protected":false},"excerpt":{"rendered":"<p>R\u00e9volt\u00e9s par la mis\u00e8re ouvri\u00e8re, choqu\u00e9s par l\u2019illogisme des crises \u00e9conomiques, un certain nombre de r\u00e9formateurs anglais et surtout fran\u00e7ais imaginent une transformation sociale \u00e0 laquelle ils d\u00e9sirent parvenir, \u00e0 l\u2019exception de Blanqui, pacifiquement. Saint-Simon pr\u00f4ne l\u2019organisation de la production. Owen, ouvrier devenu patron, veut former des associations de producteurs\u2026<\/p>\n<p class=\"continue-reading-button\"> <a class=\"continue-reading-link\" href=\"https:\/\/la-colonie.org\/public\/histoire\/fourierisme\/les-idees-de-fourier\/\">Suite&#8230;<i class=\"crycon-right-dir\"><\/i><\/a><\/p>\n","protected":false},"author":1,"featured_media":468,"parent":376,"menu_order":0,"comment_status":"closed","ping_status":"closed","template":"","meta":{"advgb_blocks_editor_width":"","advgb_blocks_columns_visual_guide":"","_exactmetrics_skip_tracking":false,"_exactmetrics_sitenote_active":false,"_exactmetrics_sitenote_note":"","_exactmetrics_sitenote_category":0,"footnotes":""},"class_list":["post-427","page","type-page","status-publish","has-post-thumbnail","hentry"],"yoast_head":"<!-- This site is optimized with the Yoast SEO plugin v26.1.1 - https:\/\/yoast.com\/wordpress\/plugins\/seo\/ -->\n<title>Les id\u00e9es de Fourier - La Colonie de Cond\u00e9-sur-Vesgre<\/title>\n<meta name=\"robots\" content=\"index, follow, max-snippet:-1, max-image-preview:large, max-video-preview:-1\" \/>\n<link rel=\"canonical\" href=\"https:\/\/la-colonie.org\/public\/histoire\/fourierisme\/les-idees-de-fourier\/\" \/>\n<meta property=\"og:locale\" content=\"fr_FR\" \/>\n<meta property=\"og:type\" content=\"article\" \/>\n<meta property=\"og:title\" content=\"Les id\u00e9es de Fourier - La Colonie de Cond\u00e9-sur-Vesgre\" \/>\n<meta property=\"og:description\" content=\"R\u00e9volt\u00e9s par la mis\u00e8re ouvri\u00e8re, choqu\u00e9s par l\u2019illogisme des crises \u00e9conomiques, un certain nombre de r\u00e9formateurs anglais et surtout fran\u00e7ais imaginent une transformation sociale \u00e0 laquelle ils d\u00e9sirent parvenir, \u00e0 l\u2019exception de Blanqui, pacifiquement. Saint-Simon pr\u00f4ne l\u2019organisation de la production. Owen, ouvrier devenu patron, veut former des associations de producteurs\u2026 Suite...\" \/>\n<meta property=\"og:url\" content=\"https:\/\/la-colonie.org\/public\/histoire\/fourierisme\/les-idees-de-fourier\/\" \/>\n<meta property=\"og:site_name\" content=\"La Colonie de Cond\u00e9-sur-Vesgre\" \/>\n<meta property=\"article:modified_time\" content=\"2017-10-01T20:50:28+00:00\" \/>\n<meta property=\"og:image\" content=\"https:\/\/www.la-colonie.org\/public\/wp-content\/medias\/2017\/10\/Banquet-1885_couv.jpg\" \/>\n\t<meta property=\"og:image:width\" content=\"870\" \/>\n\t<meta property=\"og:image:height\" content=\"1308\" \/>\n\t<meta property=\"og:image:type\" content=\"image\/jpeg\" \/>\n<meta name=\"twitter:card\" content=\"summary_large_image\" \/>\n<meta name=\"twitter:label1\" content=\"Dur\u00e9e de lecture estim\u00e9e\" \/>\n\t<meta name=\"twitter:data1\" content=\"2 minutes\" \/>\n<script type=\"application\/ld+json\" class=\"yoast-schema-graph\">{\"@context\":\"https:\/\/schema.org\",\"@graph\":[{\"@type\":\"WebPage\",\"@id\":\"https:\/\/la-colonie.org\/public\/histoire\/fourierisme\/les-idees-de-fourier\/\",\"url\":\"https:\/\/la-colonie.org\/public\/histoire\/fourierisme\/les-idees-de-fourier\/\",\"name\":\"Les id\u00e9es de Fourier - La Colonie de Cond\u00e9-sur-Vesgre\",\"isPartOf\":{\"@id\":\"https:\/\/la-colonie.org\/public\/#website\"},\"primaryImageOfPage\":{\"@id\":\"https:\/\/la-colonie.org\/public\/histoire\/fourierisme\/les-idees-de-fourier\/#primaryimage\"},\"image\":{\"@id\":\"https:\/\/la-colonie.org\/public\/histoire\/fourierisme\/les-idees-de-fourier\/#primaryimage\"},\"thumbnailUrl\":\"https:\/\/www.la-colonie.org\/public\/wp-content\/medias\/2017\/10\/Banquet-1885_couv.jpg\",\"datePublished\":\"2017-10-01T18:11:02+00:00\",\"dateModified\":\"2017-10-01T20:50:28+00:00\",\"breadcrumb\":{\"@id\":\"https:\/\/la-colonie.org\/public\/histoire\/fourierisme\/les-idees-de-fourier\/#breadcrumb\"},\"inLanguage\":\"fr-FR\",\"potentialAction\":[{\"@type\":\"ReadAction\",\"target\":[\"https:\/\/la-colonie.org\/public\/histoire\/fourierisme\/les-idees-de-fourier\/\"]}]},{\"@type\":\"ImageObject\",\"inLanguage\":\"fr-FR\",\"@id\":\"https:\/\/la-colonie.org\/public\/histoire\/fourierisme\/les-idees-de-fourier\/#primaryimage\",\"url\":\"https:\/\/www.la-colonie.org\/public\/wp-content\/medias\/2017\/10\/Banquet-1885_couv.jpg\",\"contentUrl\":\"https:\/\/www.la-colonie.org\/public\/wp-content\/medias\/2017\/10\/Banquet-1885_couv.jpg\",\"width\":870,\"height\":1308},{\"@type\":\"BreadcrumbList\",\"@id\":\"https:\/\/la-colonie.org\/public\/histoire\/fourierisme\/les-idees-de-fourier\/#breadcrumb\",\"itemListElement\":[{\"@type\":\"ListItem\",\"position\":1,\"name\":\"Accueil\",\"item\":\"https:\/\/la-colonie.org\/public\/\"},{\"@type\":\"ListItem\",\"position\":2,\"name\":\"Une histoire authentique\",\"item\":\"https:\/\/la-colonie.org\/public\/histoire\/\"},{\"@type\":\"ListItem\",\"position\":3,\"name\":\"Le fouri\u00e9risme\",\"item\":\"https:\/\/la-colonie.org\/public\/histoire\/fourierisme\/\"},{\"@type\":\"ListItem\",\"position\":4,\"name\":\"Les id\u00e9es de Fourier\"}]},{\"@type\":\"WebSite\",\"@id\":\"https:\/\/la-colonie.org\/public\/#website\",\"url\":\"https:\/\/la-colonie.org\/public\/\",\"name\":\"La Colonie de Cond\u00e9-sur-Vesgre\",\"description\":\"Un phalanst\u00e8re subsiste pr\u00e8s de Paris !\",\"publisher\":{\"@id\":\"https:\/\/la-colonie.org\/public\/#organization\"},\"potentialAction\":[{\"@type\":\"SearchAction\",\"target\":{\"@type\":\"EntryPoint\",\"urlTemplate\":\"https:\/\/la-colonie.org\/public\/?s={search_term_string}\"},\"query-input\":{\"@type\":\"PropertyValueSpecification\",\"valueRequired\":true,\"valueName\":\"search_term_string\"}}],\"inLanguage\":\"fr-FR\"},{\"@type\":\"Organization\",\"@id\":\"https:\/\/la-colonie.org\/public\/#organization\",\"name\":\"La Colonie de Cond\u00e9-sur-Vesgre\",\"url\":\"https:\/\/la-colonie.org\/public\/\",\"logo\":{\"@type\":\"ImageObject\",\"inLanguage\":\"fr-FR\",\"@id\":\"https:\/\/la-colonie.org\/public\/#\/schema\/logo\/image\/\",\"url\":\"https:\/\/www.la-colonie.org\/public\/wp-content\/medias\/2018\/02\/Colonie_petit_logo.jpg\",\"contentUrl\":\"https:\/\/www.la-colonie.org\/public\/wp-content\/medias\/2018\/02\/Colonie_petit_logo.jpg\",\"width\":120,\"height\":120,\"caption\":\"La Colonie de Cond\u00e9-sur-Vesgre\"},\"image\":{\"@id\":\"https:\/\/la-colonie.org\/public\/#\/schema\/logo\/image\/\"}}]}<\/script>\n<!-- \/ Yoast SEO plugin. -->","yoast_head_json":{"title":"Les id\u00e9es de Fourier - La Colonie de Cond\u00e9-sur-Vesgre","robots":{"index":"index","follow":"follow","max-snippet":"max-snippet:-1","max-image-preview":"max-image-preview:large","max-video-preview":"max-video-preview:-1"},"canonical":"https:\/\/la-colonie.org\/public\/histoire\/fourierisme\/les-idees-de-fourier\/","og_locale":"fr_FR","og_type":"article","og_title":"Les id\u00e9es de Fourier - La Colonie de Cond\u00e9-sur-Vesgre","og_description":"R\u00e9volt\u00e9s par la mis\u00e8re ouvri\u00e8re, choqu\u00e9s par l\u2019illogisme des crises \u00e9conomiques, un certain nombre de r\u00e9formateurs anglais et surtout fran\u00e7ais imaginent une transformation sociale \u00e0 laquelle ils d\u00e9sirent parvenir, \u00e0 l\u2019exception de Blanqui, pacifiquement. Saint-Simon pr\u00f4ne l\u2019organisation de la production. Owen, ouvrier devenu patron, veut former des associations de producteurs\u2026 Suite...","og_url":"https:\/\/la-colonie.org\/public\/histoire\/fourierisme\/les-idees-de-fourier\/","og_site_name":"La Colonie de Cond\u00e9-sur-Vesgre","article_modified_time":"2017-10-01T20:50:28+00:00","og_image":[{"width":870,"height":1308,"url":"https:\/\/www.la-colonie.org\/public\/wp-content\/medias\/2017\/10\/Banquet-1885_couv.jpg","type":"image\/jpeg"}],"twitter_card":"summary_large_image","twitter_misc":{"Dur\u00e9e de lecture estim\u00e9e":"2 minutes"},"schema":{"@context":"https:\/\/schema.org","@graph":[{"@type":"WebPage","@id":"https:\/\/la-colonie.org\/public\/histoire\/fourierisme\/les-idees-de-fourier\/","url":"https:\/\/la-colonie.org\/public\/histoire\/fourierisme\/les-idees-de-fourier\/","name":"Les id\u00e9es de Fourier - La Colonie de Cond\u00e9-sur-Vesgre","isPartOf":{"@id":"https:\/\/la-colonie.org\/public\/#website"},"primaryImageOfPage":{"@id":"https:\/\/la-colonie.org\/public\/histoire\/fourierisme\/les-idees-de-fourier\/#primaryimage"},"image":{"@id":"https:\/\/la-colonie.org\/public\/histoire\/fourierisme\/les-idees-de-fourier\/#primaryimage"},"thumbnailUrl":"https:\/\/www.la-colonie.org\/public\/wp-content\/medias\/2017\/10\/Banquet-1885_couv.jpg","datePublished":"2017-10-01T18:11:02+00:00","dateModified":"2017-10-01T20:50:28+00:00","breadcrumb":{"@id":"https:\/\/la-colonie.org\/public\/histoire\/fourierisme\/les-idees-de-fourier\/#breadcrumb"},"inLanguage":"fr-FR","potentialAction":[{"@type":"ReadAction","target":["https:\/\/la-colonie.org\/public\/histoire\/fourierisme\/les-idees-de-fourier\/"]}]},{"@type":"ImageObject","inLanguage":"fr-FR","@id":"https:\/\/la-colonie.org\/public\/histoire\/fourierisme\/les-idees-de-fourier\/#primaryimage","url":"https:\/\/www.la-colonie.org\/public\/wp-content\/medias\/2017\/10\/Banquet-1885_couv.jpg","contentUrl":"https:\/\/www.la-colonie.org\/public\/wp-content\/medias\/2017\/10\/Banquet-1885_couv.jpg","width":870,"height":1308},{"@type":"BreadcrumbList","@id":"https:\/\/la-colonie.org\/public\/histoire\/fourierisme\/les-idees-de-fourier\/#breadcrumb","itemListElement":[{"@type":"ListItem","position":1,"name":"Accueil","item":"https:\/\/la-colonie.org\/public\/"},{"@type":"ListItem","position":2,"name":"Une histoire authentique","item":"https:\/\/la-colonie.org\/public\/histoire\/"},{"@type":"ListItem","position":3,"name":"Le fouri\u00e9risme","item":"https:\/\/la-colonie.org\/public\/histoire\/fourierisme\/"},{"@type":"ListItem","position":4,"name":"Les id\u00e9es de Fourier"}]},{"@type":"WebSite","@id":"https:\/\/la-colonie.org\/public\/#website","url":"https:\/\/la-colonie.org\/public\/","name":"La Colonie de Cond\u00e9-sur-Vesgre","description":"Un phalanst\u00e8re subsiste pr\u00e8s de Paris !","publisher":{"@id":"https:\/\/la-colonie.org\/public\/#organization"},"potentialAction":[{"@type":"SearchAction","target":{"@type":"EntryPoint","urlTemplate":"https:\/\/la-colonie.org\/public\/?s={search_term_string}"},"query-input":{"@type":"PropertyValueSpecification","valueRequired":true,"valueName":"search_term_string"}}],"inLanguage":"fr-FR"},{"@type":"Organization","@id":"https:\/\/la-colonie.org\/public\/#organization","name":"La Colonie de Cond\u00e9-sur-Vesgre","url":"https:\/\/la-colonie.org\/public\/","logo":{"@type":"ImageObject","inLanguage":"fr-FR","@id":"https:\/\/la-colonie.org\/public\/#\/schema\/logo\/image\/","url":"https:\/\/www.la-colonie.org\/public\/wp-content\/medias\/2018\/02\/Colonie_petit_logo.jpg","contentUrl":"https:\/\/www.la-colonie.org\/public\/wp-content\/medias\/2018\/02\/Colonie_petit_logo.jpg","width":120,"height":120,"caption":"La Colonie de Cond\u00e9-sur-Vesgre"},"image":{"@id":"https:\/\/la-colonie.org\/public\/#\/schema\/logo\/image\/"}}]}},"coauthors":[],"author_meta":{"author_link":"https:\/\/la-colonie.org\/public\/article\/author\/admin\/","display_name":"admin"},"relative_dates":{"created":"Publi\u00e9 9 ans il y a","modified":"Mis \u00e0 jour 9 ans il y a"},"absolute_dates":{"created":"Publi\u00e9 le 1 octobre 2017","modified":"Mise \u00e0 jour le 1 octobre 2017"},"absolute_dates_time":{"created":"Publi\u00e9 le 1 octobre 2017 20:11","modified":"Mise \u00e0 jour le 1 octobre 2017 22:50"},"featured_img_caption":"","featured_img":"https:\/\/www.la-colonie.org\/public\/wp-content\/medias\/2017\/10\/Banquet-1885_couv-100x150.jpg","series_order":"","_links":{"self":[{"href":"https:\/\/la-colonie.org\/public\/wp-json\/wp\/v2\/pages\/427","targetHints":{"allow":["GET"]}}],"collection":[{"href":"https:\/\/la-colonie.org\/public\/wp-json\/wp\/v2\/pages"}],"about":[{"href":"https:\/\/la-colonie.org\/public\/wp-json\/wp\/v2\/types\/page"}],"author":[{"embeddable":true,"href":"https:\/\/la-colonie.org\/public\/wp-json\/wp\/v2\/users\/1"}],"replies":[{"embeddable":true,"href":"https:\/\/la-colonie.org\/public\/wp-json\/wp\/v2\/comments?post=427"}],"version-history":[{"count":1,"href":"https:\/\/la-colonie.org\/public\/wp-json\/wp\/v2\/pages\/427\/revisions"}],"predecessor-version":[{"id":429,"href":"https:\/\/la-colonie.org\/public\/wp-json\/wp\/v2\/pages\/427\/revisions\/429"}],"up":[{"embeddable":true,"href":"https:\/\/la-colonie.org\/public\/wp-json\/wp\/v2\/pages\/376"}],"wp:featuredmedia":[{"embeddable":true,"href":"https:\/\/la-colonie.org\/public\/wp-json\/wp\/v2\/media\/468"}],"wp:attachment":[{"href":"https:\/\/la-colonie.org\/public\/wp-json\/wp\/v2\/media?parent=427"}],"curies":[{"name":"wp","href":"https:\/\/api.w.org\/{rel}","templated":true}]}}