{"id":376,"date":"2017-10-01T19:40:48","date_gmt":"2017-10-01T17:40:48","guid":{"rendered":"http:\/\/la-colonie.org\/public\/?page_id=376"},"modified":"2017-10-01T20:09:20","modified_gmt":"2017-10-01T18:09:20","slug":"fourierisme","status":"publish","type":"page","link":"https:\/\/la-colonie.org\/public\/histoire\/fourierisme\/","title":{"rendered":"Le fouri\u00e9risme"},"content":{"rendered":"<div class=\"pt-cv-wrapper\"><div class=\"pt-cv-view pt-cv-grid pt-cv-colsys pt-cv-same-height pt-cv-sharp-buttons\" id=\"pt-cv-view-f55bc527wj\"><div data-id=\"pt-cv-page-1\" class=\"pt-cv-page\" data-cvc=\"3\" data-cvct=\"2\" data-cvcm=\"1\"><div class=\"col-md-4 col-sm-6 col-xs-12 pt-cv-content-item pt-cv-1-col\"  data-pid=\"372\"><div class='pt-cv-ifield'><a href=\"https:\/\/la-colonie.org\/public\/histoire\/fourierisme\/charles-fourier-1772-1837\/\" class=\"_self pt-cv-href-thumbnail pt-cv-thumb-default cvplbd cvp-responsive-image img-none\" target=\"_self\" data-iw=\"300\" data-ih=\"300\"><img decoding=\"async\" width=\"300\" src=\"http:\/\/la-colonie.org\/public\/wp-content\/medias\/2017\/10\/Portrait-de-Charles-Fourier.gif\" class=\"pt-cv-thumbnail img-none cvp-substitute\" alt=\"Charles Fourier, 1772-1837\" style=\"width: 300px;\" \/><\/a>\n<h4 class=\"pt-cv-title\"><a href=\"https:\/\/la-colonie.org\/public\/histoire\/fourierisme\/charles-fourier-1772-1837\/\" class=\"_self cvplbd\" target=\"_self\" data-iw=\"300\" data-ih=\"300\">Charles Fourier, 1772-1837<\/a><\/h4>\n<div class=\"pt-cv-content\">\u00ab Fourier (Charles), n\u00e9 \u00e0 Besan\u00e7on, mort \u00e0 Paris (1772-1837), philosophe et \u00e9conomiste fran\u00e7ais, th\u00e9oricien du socialisme. \u00bb Philosophe ? ...<\/div><\/div><\/div>\n<div class=\"col-md-4 col-sm-6 col-xs-12 pt-cv-content-item pt-cv-1-col\"  data-pid=\"430\"><div class='pt-cv-ifield'><a href=\"https:\/\/la-colonie.org\/public\/histoire\/fourierisme\/description-du-phalanstere\/\" class=\"_self pt-cv-href-thumbnail pt-cv-thumb-default cvplbd cvp-responsive-image img-none\" target=\"_self\" data-iw=\"300\" data-ih=\"300\"><img loading=\"lazy\" decoding=\"async\" width=\"300\" height=\"225\" src=\"https:\/\/www.la-colonie.org\/public\/wp-content\/medias\/2017\/10\/gravue_phalanstere-5-300x225.jpg\" class=\"pt-cv-thumbnail img-none\" alt=\"Description du phalanst\u00e8re\" \/><\/a>\n<h4 class=\"pt-cv-title\"><a href=\"https:\/\/la-colonie.org\/public\/histoire\/fourierisme\/description-du-phalanstere\/\" class=\"_self cvplbd\" target=\"_self\" data-iw=\"300\" data-ih=\"300\">Description du phalanst\u00e8re<\/a><\/h4>\n<div class=\"pt-cv-content\">Pour Fourier, l\u2019homme est m\u00fb par douze passions : cinq (sensitives) qui se rapportent aux cinq sens, quatre (affectives) qui ...<\/div><\/div><\/div>\n<div class=\"col-md-4 col-sm-6 col-xs-12 pt-cv-content-item pt-cv-1-col\"  data-pid=\"427\"><div class='pt-cv-ifield'><a href=\"https:\/\/la-colonie.org\/public\/histoire\/fourierisme\/les-idees-de-fourier\/\" class=\"_self pt-cv-href-thumbnail pt-cv-thumb-default cvplbd cvp-responsive-image img-none\" target=\"_self\" data-iw=\"300\" data-ih=\"300\"><img loading=\"lazy\" decoding=\"async\" width=\"200\" height=\"300\" src=\"https:\/\/www.la-colonie.org\/public\/wp-content\/medias\/2017\/10\/Banquet-1885_couv-200x300.jpg\" class=\"pt-cv-thumbnail img-none\" alt=\"Les id\u00e9es de Fourier\" \/><\/a>\n<h4 class=\"pt-cv-title\"><a href=\"https:\/\/la-colonie.org\/public\/histoire\/fourierisme\/les-idees-de-fourier\/\" class=\"_self cvplbd\" target=\"_self\" data-iw=\"300\" data-ih=\"300\">Les id\u00e9es de Fourier<\/a><\/h4>\n<div class=\"pt-cv-content\">R\u00e9volt\u00e9s par la mis\u00e8re ouvri\u00e8re, choqu\u00e9s par l\u2019illogisme des crises \u00e9conomiques, un certain nombre de r\u00e9formateurs anglais et surtout fran\u00e7ais ...<\/div><\/div><\/div>\n<div class=\"col-md-4 col-sm-6 col-xs-12 pt-cv-content-item pt-cv-1-col\"  data-pid=\"433\"><div class='pt-cv-ifield'><a href=\"https:\/\/la-colonie.org\/public\/histoire\/fourierisme\/les-heritiers-du-fourierisme\/\" class=\"_self pt-cv-href-thumbnail pt-cv-thumb-default cvplbd cvp-responsive-image img-none\" target=\"_self\" data-iw=\"300\" data-ih=\"300\"><img loading=\"lazy\" decoding=\"async\" width=\"300\" height=\"218\" src=\"https:\/\/www.la-colonie.org\/public\/wp-content\/medias\/2017\/10\/1-102-300x218.jpg\" class=\"pt-cv-thumbnail img-none\" alt=\"Les h\u00e9ritiers du fouri\u00e9risme\" \/><\/a>\n<h4 class=\"pt-cv-title\"><a href=\"https:\/\/la-colonie.org\/public\/histoire\/fourierisme\/les-heritiers-du-fourierisme\/\" class=\"_self cvplbd\" target=\"_self\" data-iw=\"300\" data-ih=\"300\">Les h\u00e9ritiers du fouri\u00e9risme<\/a><\/h4>\n<div class=\"pt-cv-content\">Fourier fait \u00e9cole\u00a0: on parle du fouri\u00e9risme, comme de l\u2019owenisme ou du saint-simonisme. Les disciples ne manquent pas. Le Jurassien ...<\/div><\/div><\/div>\n<div class=\"col-md-4 col-sm-6 col-xs-12 pt-cv-content-item pt-cv-1-col\"  data-pid=\"380\"><div class='pt-cv-ifield'><a href=\"https:\/\/la-colonie.org\/public\/histoire\/fourierisme\/bibliographie-et-autres-ressources\/\" class=\"_self pt-cv-href-thumbnail pt-cv-thumb-default cvplbd cvp-responsive-image img-none\" target=\"_self\" data-iw=\"300\" data-ih=\"300\"><img loading=\"lazy\" decoding=\"async\" width=\"195\" height=\"300\" src=\"https:\/\/www.la-colonie.org\/public\/wp-content\/medias\/2017\/10\/charles_fourier-195x300.jpg\" class=\"pt-cv-thumbnail img-none\" alt=\"Bibliographie et autres ressources\" \/><\/a>\n<h4 class=\"pt-cv-title\"><a href=\"https:\/\/la-colonie.org\/public\/histoire\/fourierisme\/bibliographie-et-autres-ressources\/\" class=\"_self cvplbd\" target=\"_self\" data-iw=\"300\" data-ih=\"300\">Bibliographie et autres ressources<\/a><\/h4>\n<div class=\"pt-cv-content\">Quelques ouvrages sur l\u2019exp\u00e9rience des phalanst\u00e8res Jonathan Beecher : Victor Considerant and the Rise and Fall of French Romantic Socialism ...<\/div><\/div><\/div><\/div><\/div><\/div>\t\t\t<style type=\"text\/css\" id=\"pt-cv-inline-style-26d72da2zg\">#pt-cv-view-f55bc527wj.pt-cv-post-border { margin: 0; border-top-style: solid; border-left-style: solid }\n#pt-cv-view-f55bc527wj.pt-cv-post-border .pt-cv-content-item   { border-right-style: solid; border-bottom-style: solid; }\n#pt-cv-view-f55bc527wj .pt-cv-title a, #pt-cv-view-f55bc527wj  .panel-title { font-weight: 600 !important; }\n#pt-cv-view-f55bc527wj  .pt-cv-hover-wrapper::before   { background-color: rgba(51,51,51,.6) !important; }\n#pt-cv-view-f55bc527wj:not(.pt-cv-nohover) .pt-cv-mask *   { color: #fff; }\n#pt-cv-view-f55bc527wj .pt-cv-carousel-caption  { background-color: rgba(51,51,51,.6) !important; }\n#pt-cv-view-f55bc527wj .pt-cv-specialp { background-color: #CC3333 !important }\n#pt-cv-view-f55bc527wj .pt-cv-specialp * { color: #fff !important; }\n#pt-cv-view-f55bc527wj .pt-cv-pficon  { color: #bbb !important; }\n#pt-cv-view-f55bc527wj  .add_to_cart_button, #pt-cv-view-f55bc527wj  .add_to_cart_button *   { color: #ffffff !important; background-color: #00aeef !important; }\n#pt-cv-view-f55bc527wj  .woocommerce-onsale   { color: #ffffff !important; background-color: #ff5a5f !important; }\n#pt-cv-view-f55bc527wj .pt-cv-readmore  { color: #ffffff !important; background-color: #00aeef !important; }\n#pt-cv-view-f55bc527wj .pt-cv-readmore:hover  { color: #ffffff !important; background-color: #00aeef !important; }\n#pt-cv-view-f55bc527wj  + .pt-cv-pagination-wrapper .pt-cv-more , #pt-cv-view-f55bc527wj  + .pt-cv-pagination-wrapper .pagination .active a { color: #ffffff !important; background-color: #00aeef !important; }\n[id^='pt-cv-filter-bar-f55bc527wj'] .active.pt-cv-filter-option, [id^='pt-cv-filter-bar-f55bc527wj'] .active .pt-cv-filter-option, [id^='pt-cv-filter-bar-f55bc527wj'] .selected.pt-cv-filter-option, [id^='pt-cv-filter-bar-f55bc527wj'] .dropdown-toggle   { color: #fff !important; background-color: #00aeef !important; }\n[id^='pt-cv-filter-bar-f55bc527wj'] .pt-cv-filter-title   { color: #fff !important; background-color: #00aeef !important; }\n#pt-cv-gls-f55bc527wj li a   { font-weight: 600 !important; }\n#pt-cv-gls-f55bc527wj li a.pt-active   { color: #fff !important; background-color: #ff5a5f !important; }\n#pt-cv-view-f55bc527wj .pt-cv-gls-header  { background-color: #00aeef !important; }\n#pt-cv-view-f55bc527wj .cvp-responsive-image[style*=\"background-image\"] { width: 300px; height: 300px; }<\/style>\r\n\t\t\t\n","protected":false},"excerpt":{"rendered":"<p class=\"continue-reading-button\"> <a class=\"continue-reading-link\" href=\"https:\/\/la-colonie.org\/public\/histoire\/fourierisme\/\">Suite&#8230;<i class=\"crycon-right-dir\"><\/i><\/a><\/p>\n","protected":false},"author":1,"featured_media":0,"parent":367,"menu_order":0,"comment_status":"closed","ping_status":"closed","template":"","meta":{"advgb_blocks_editor_width":"","advgb_blocks_columns_visual_guide":"","_exactmetrics_skip_tracking":false,"_exactmetrics_sitenote_active":false,"_exactmetrics_sitenote_note":"","_exactmetrics_sitenote_category":0,"footnotes":""},"class_list":["post-376","page","type-page","status-publish","hentry"],"yoast_head":"<!-- This site is optimized with the Yoast SEO plugin v26.1.1 - https:\/\/yoast.com\/wordpress\/plugins\/seo\/ -->\n<title>Le fouri\u00e9risme - La Colonie de Cond\u00e9-sur-Vesgre<\/title>\n<meta name=\"robots\" content=\"index, follow, max-snippet:-1, max-image-preview:large, max-video-preview:-1\" \/>\n<link rel=\"canonical\" href=\"https:\/\/la-colonie.org\/public\/histoire\/fourierisme\/\" \/>\n<meta property=\"og:locale\" content=\"fr_FR\" \/>\n<meta property=\"og:type\" content=\"article\" \/>\n<meta property=\"og:title\" content=\"Le fouri\u00e9risme - La Colonie de Cond\u00e9-sur-Vesgre\" \/>\n<meta property=\"og:description\" content=\"Suite...\" \/>\n<meta property=\"og:url\" content=\"https:\/\/la-colonie.org\/public\/histoire\/fourierisme\/\" \/>\n<meta property=\"og:site_name\" content=\"La Colonie de Cond\u00e9-sur-Vesgre\" \/>\n<meta property=\"article:modified_time\" content=\"2017-10-01T18:09:20+00:00\" \/>\n<meta name=\"twitter:card\" content=\"summary_large_image\" \/>\n<script type=\"application\/ld+json\" class=\"yoast-schema-graph\">{\"@context\":\"https:\/\/schema.org\",\"@graph\":[{\"@type\":\"WebPage\",\"@id\":\"https:\/\/la-colonie.org\/public\/histoire\/fourierisme\/\",\"url\":\"https:\/\/la-colonie.org\/public\/histoire\/fourierisme\/\",\"name\":\"Le fouri\u00e9risme - La Colonie de Cond\u00e9-sur-Vesgre\",\"isPartOf\":{\"@id\":\"https:\/\/la-colonie.org\/public\/#website\"},\"datePublished\":\"2017-10-01T17:40:48+00:00\",\"dateModified\":\"2017-10-01T18:09:20+00:00\",\"breadcrumb\":{\"@id\":\"https:\/\/la-colonie.org\/public\/histoire\/fourierisme\/#breadcrumb\"},\"inLanguage\":\"fr-FR\",\"potentialAction\":[{\"@type\":\"ReadAction\",\"target\":[\"https:\/\/la-colonie.org\/public\/histoire\/fourierisme\/\"]}]},{\"@type\":\"BreadcrumbList\",\"@id\":\"https:\/\/la-colonie.org\/public\/histoire\/fourierisme\/#breadcrumb\",\"itemListElement\":[{\"@type\":\"ListItem\",\"position\":1,\"name\":\"Accueil\",\"item\":\"https:\/\/la-colonie.org\/public\/\"},{\"@type\":\"ListItem\",\"position\":2,\"name\":\"Une histoire authentique\",\"item\":\"https:\/\/la-colonie.org\/public\/histoire\/\"},{\"@type\":\"ListItem\",\"position\":3,\"name\":\"Le fouri\u00e9risme\"}]},{\"@type\":\"WebSite\",\"@id\":\"https:\/\/la-colonie.org\/public\/#website\",\"url\":\"https:\/\/la-colonie.org\/public\/\",\"name\":\"La Colonie de Cond\u00e9-sur-Vesgre\",\"description\":\"Un phalanst\u00e8re subsiste pr\u00e8s de Paris !\",\"publisher\":{\"@id\":\"https:\/\/la-colonie.org\/public\/#organization\"},\"potentialAction\":[{\"@type\":\"SearchAction\",\"target\":{\"@type\":\"EntryPoint\",\"urlTemplate\":\"https:\/\/la-colonie.org\/public\/?s={search_term_string}\"},\"query-input\":{\"@type\":\"PropertyValueSpecification\",\"valueRequired\":true,\"valueName\":\"search_term_string\"}}],\"inLanguage\":\"fr-FR\"},{\"@type\":\"Organization\",\"@id\":\"https:\/\/la-colonie.org\/public\/#organization\",\"name\":\"La Colonie de Cond\u00e9-sur-Vesgre\",\"url\":\"https:\/\/la-colonie.org\/public\/\",\"logo\":{\"@type\":\"ImageObject\",\"inLanguage\":\"fr-FR\",\"@id\":\"https:\/\/la-colonie.org\/public\/#\/schema\/logo\/image\/\",\"url\":\"https:\/\/www.la-colonie.org\/public\/wp-content\/medias\/2018\/02\/Colonie_petit_logo.jpg\",\"contentUrl\":\"https:\/\/www.la-colonie.org\/public\/wp-content\/medias\/2018\/02\/Colonie_petit_logo.jpg\",\"width\":120,\"height\":120,\"caption\":\"La Colonie de Cond\u00e9-sur-Vesgre\"},\"image\":{\"@id\":\"https:\/\/la-colonie.org\/public\/#\/schema\/logo\/image\/\"}}]}<\/script>\n<!-- \/ Yoast SEO plugin. -->","yoast_head_json":{"title":"Le fouri\u00e9risme - La Colonie de Cond\u00e9-sur-Vesgre","robots":{"index":"index","follow":"follow","max-snippet":"max-snippet:-1","max-image-preview":"max-image-preview:large","max-video-preview":"max-video-preview:-1"},"canonical":"https:\/\/la-colonie.org\/public\/histoire\/fourierisme\/","og_locale":"fr_FR","og_type":"article","og_title":"Le fouri\u00e9risme - La Colonie de Cond\u00e9-sur-Vesgre","og_description":"Suite...","og_url":"https:\/\/la-colonie.org\/public\/histoire\/fourierisme\/","og_site_name":"La Colonie de Cond\u00e9-sur-Vesgre","article_modified_time":"2017-10-01T18:09:20+00:00","twitter_card":"summary_large_image","schema":{"@context":"https:\/\/schema.org","@graph":[{"@type":"WebPage","@id":"https:\/\/la-colonie.org\/public\/histoire\/fourierisme\/","url":"https:\/\/la-colonie.org\/public\/histoire\/fourierisme\/","name":"Le fouri\u00e9risme - La Colonie de Cond\u00e9-sur-Vesgre","isPartOf":{"@id":"https:\/\/la-colonie.org\/public\/#website"},"datePublished":"2017-10-01T17:40:48+00:00","dateModified":"2017-10-01T18:09:20+00:00","breadcrumb":{"@id":"https:\/\/la-colonie.org\/public\/histoire\/fourierisme\/#breadcrumb"},"inLanguage":"fr-FR","potentialAction":[{"@type":"ReadAction","target":["https:\/\/la-colonie.org\/public\/histoire\/fourierisme\/"]}]},{"@type":"BreadcrumbList","@id":"https:\/\/la-colonie.org\/public\/histoire\/fourierisme\/#breadcrumb","itemListElement":[{"@type":"ListItem","position":1,"name":"Accueil","item":"https:\/\/la-colonie.org\/public\/"},{"@type":"ListItem","position":2,"name":"Une histoire authentique","item":"https:\/\/la-colonie.org\/public\/histoire\/"},{"@type":"ListItem","position":3,"name":"Le fouri\u00e9risme"}]},{"@type":"WebSite","@id":"https:\/\/la-colonie.org\/public\/#website","url":"https:\/\/la-colonie.org\/public\/","name":"La Colonie de Cond\u00e9-sur-Vesgre","description":"Un phalanst\u00e8re subsiste pr\u00e8s de Paris !","publisher":{"@id":"https:\/\/la-colonie.org\/public\/#organization"},"potentialAction":[{"@type":"SearchAction","target":{"@type":"EntryPoint","urlTemplate":"https:\/\/la-colonie.org\/public\/?s={search_term_string}"},"query-input":{"@type":"PropertyValueSpecification","valueRequired":true,"valueName":"search_term_string"}}],"inLanguage":"fr-FR"},{"@type":"Organization","@id":"https:\/\/la-colonie.org\/public\/#organization","name":"La Colonie de Cond\u00e9-sur-Vesgre","url":"https:\/\/la-colonie.org\/public\/","logo":{"@type":"ImageObject","inLanguage":"fr-FR","@id":"https:\/\/la-colonie.org\/public\/#\/schema\/logo\/image\/","url":"https:\/\/www.la-colonie.org\/public\/wp-content\/medias\/2018\/02\/Colonie_petit_logo.jpg","contentUrl":"https:\/\/www.la-colonie.org\/public\/wp-content\/medias\/2018\/02\/Colonie_petit_logo.jpg","width":120,"height":120,"caption":"La Colonie de Cond\u00e9-sur-Vesgre"},"image":{"@id":"https:\/\/la-colonie.org\/public\/#\/schema\/logo\/image\/"}}]}},"coauthors":[],"author_meta":{"author_link":"https:\/\/la-colonie.org\/public\/article\/author\/admin\/","display_name":"admin"},"relative_dates":{"created":"Publi\u00e9 9 ans il y a","modified":"Mis \u00e0 jour 9 ans il y a"},"absolute_dates":{"created":"Publi\u00e9 le 1 octobre 2017","modified":"Mise \u00e0 jour le 1 octobre 2017"},"absolute_dates_time":{"created":"Publi\u00e9 le 1 octobre 2017 19:40","modified":"Mise \u00e0 jour le 1 octobre 2017 20:09"},"featured_img_caption":"","featured_img":false,"series_order":"","_links":{"self":[{"href":"https:\/\/la-colonie.org\/public\/wp-json\/wp\/v2\/pages\/376","targetHints":{"allow":["GET"]}}],"collection":[{"href":"https:\/\/la-colonie.org\/public\/wp-json\/wp\/v2\/pages"}],"about":[{"href":"https:\/\/la-colonie.org\/public\/wp-json\/wp\/v2\/types\/page"}],"author":[{"embeddable":true,"href":"https:\/\/la-colonie.org\/public\/wp-json\/wp\/v2\/users\/1"}],"replies":[{"embeddable":true,"href":"https:\/\/la-colonie.org\/public\/wp-json\/wp\/v2\/comments?post=376"}],"version-history":[{"count":2,"href":"https:\/\/la-colonie.org\/public\/wp-json\/wp\/v2\/pages\/376\/revisions"}],"predecessor-version":[{"id":426,"href":"https:\/\/la-colonie.org\/public\/wp-json\/wp\/v2\/pages\/376\/revisions\/426"}],"up":[{"embeddable":true,"href":"https:\/\/la-colonie.org\/public\/wp-json\/wp\/v2\/pages\/367"}],"wp:attachment":[{"href":"https:\/\/la-colonie.org\/public\/wp-json\/wp\/v2\/media?parent=376"}],"curies":[{"name":"wp","href":"https:\/\/api.w.org\/{rel}","templated":true}]}}